{"id":18,"date":"2018-01-27T09:56:02","date_gmt":"2018-01-27T08:56:02","guid":{"rendered":"http:\/\/christelleesthetique-lachapelle.fr\/?page_id=18"},"modified":"2018-03-13T16:39:24","modified_gmt":"2018-03-13T15:39:24","slug":"les-cartes-privileges","status":"publish","type":"page","link":"https:\/\/christelleesthetique-lachapelle.fr\/index.php\/les-cartes-privileges\/","title":{"rendered":"Les cartes privil\u00e8ges"},"content":{"rendered":"<p>Christelle Esth\u00e9tique propose plusieurs cartes vous permettant de r\u00e9compenser votre fid\u00e9lit\u00e9 tout au long de l&rsquo;ann\u00e9e ou de b\u00e9n\u00e9ficier ponctuellement d&rsquo;avantages et de promotions &#8230; alors n&rsquo;h\u00e9sitez pas \u00e0 en profiter !!!<\/p>\n    <div data-options='{&quot;id&quot;:&quot;803&quot;,&quot;lazy_load&quot;:&quot;no&quot;,&quot;masonry_enable&quot;:&quot;no&quot;,&quot;view_type&quot;:&quot;grid&quot;}' id=\"post-grid-803\" class=\"post-grid grid\">\n    \n\n\n    <div class=\"grid-items\">\n      <div class=\"item item-1 skin flip-x even 0 \">\n        <div class=\"layer-wrapper layout-\">\n        <div class=\"layer-media\"><a href=\"https:\/\/christelleesthetique-lachapelle.fr\/index.php\/2018\/02\/11\/carte-parrainage\/\"><img decoding=\"async\" alt=\"\" src=\"https:\/\/christelleesthetique-lachapelle.fr\/wp-content\/uploads\/2017\/12\/les-cartes-privil\u00e8ges-300x185.jpg\" \/><\/a><\/div>\n  <div class=\"layer-content\">\n        <div class=\"element element_0  content \">\r\n        <p>&nbsp;<\/p>\n<p><span style=\"font-size: 18pt;color: #993366\"><strong>Carte&nbsp;<\/strong><\/span><span style=\"font-size: 18pt;color: #1ec8bb\"><b>Parrainage<\/b><\/span><\/p>\n<hr>\n<p style=\"text-align: justify\"><span style=\"font-size: 14pt\">Cette carte donne droit \u00e0 une r\u00e9duction de 15% pour les filleuls &amp; de 10 \u00e0 30% (+ 1 cadeau) au d\u00e9tenteur de la carte.&nbsp; <span style=\"font-size: 13pt\"><strong><span style=\"color: #ff99cc\"><a href=\"http:\/\/christelleesthetique-lachapelle.fr\/index.php\/contact\/\">+++<\/a><\/span><\/strong><\/span><\/span><\/p>\n<p>&nbsp;<\/p>\n    <\/div>\r\n    <hr class=\"element element_1  hr \">\r\n    <\/hr>\r\n  <\/div>\n    <\/div>\n  <\/div><div class=\"item item-171 skin flip-x odd 1 \">\n        <div class=\"layer-wrapper layout-\">\n        <div class=\"layer-media\"><a href=\"https:\/\/christelleesthetique-lachapelle.fr\/index.php\/2018\/02\/02\/carte-cadeau-2\/\"><img decoding=\"async\" alt=\"\" src=\"https:\/\/christelleesthetique-lachapelle.fr\/wp-content\/uploads\/2018\/02\/les-cartes-cadeau-300x185.jpg\" \/><\/a><\/div>\n  <div class=\"layer-content\">\n        <div class=\"element element_0  content \">\r\n        <p>&nbsp;<\/p>\n<p><span style=\"font-size: 18pt;color: #993366\"><strong>Carte&nbsp;<\/strong><\/span><span style=\"font-size: 18pt;color: #1ec8bb\"><b>Cadeau<\/b><\/span><\/p>\n<hr>\n<p style=\"text-align: justify\"><span style=\"font-size: 14pt\">Pour offrir et faire plaisir \u00e0 vos proches en toutes occasions (anniversaires, Saint-Valentin, f\u00eates de fin d'ann\u00e9e..)&nbsp; <span style=\"font-size: 13pt\"><strong><span style=\"color: #ff99cc\"><a href=\"http:\/\/christelleesthetique-lachapelle.fr\/index.php\/contact\/\">+++<\/a><\/span><\/strong><\/span><\/span><\/p>\n<p>&nbsp;<\/p>\n    <\/div>\r\n    <hr class=\"element element_1  hr \">\r\n    <\/hr>\r\n  <\/div>\n    <\/div>\n  <\/div><div class=\"item item-154 skin flip-x even 2 \">\n        <div class=\"layer-wrapper layout-\">\n        <div class=\"layer-media\"><a href=\"https:\/\/christelleesthetique-lachapelle.fr\/index.php\/2018\/02\/02\/carte-cadeau\/\"><img decoding=\"async\" alt=\"\" src=\"https:\/\/christelleesthetique-lachapelle.fr\/wp-content\/uploads\/2018\/02\/les-cartes-fidelite-300x185.jpg\" \/><\/a><\/div>\n  <div class=\"layer-content\">\n        <div class=\"element element_0  content \">\r\n        <p>&nbsp;<\/p>\n<p><span style=\"font-size: 18pt;color: #993366\"><strong>Carte&nbsp;<\/strong><\/span><span style=\"font-size: 18pt;color: #1ec8bb\"><b>Fid\u00e9lit\u00e9<\/b><\/span><\/p>\n<hr>\n<p style=\"text-align: justify\"><span style=\"font-size: 14pt\">Votre fid\u00e9lit\u00e9 r\u00e9compens\u00e9e ! Remise de 10% sur votre 5\u00e8me soin et 20% sur le 10\u00e8me soin... &nbsp;<\/span><span style=\"font-size: 13pt\"><strong><span style=\"color: #ff99cc\"><a href=\"http:\/\/christelleesthetique-lachapelle.fr\/index.php\/contact\/\">+++<\/a><\/span><\/strong><\/span><\/p>\n<p>&nbsp;<\/p>\n    <\/div>\r\n    <hr class=\"element element_1  hr \">\r\n    <\/hr>\r\n  <\/div>\n    <\/div>\n  <\/div><div class=\"item item-152 skin flip-x odd 3 \">\n        <div class=\"layer-wrapper layout-\">\n        <div class=\"layer-media\"><a href=\"https:\/\/christelleesthetique-lachapelle.fr\/index.php\/2018\/02\/02\/carte-fidelite\/\"><img decoding=\"async\" alt=\"\" src=\"https:\/\/christelleesthetique-lachapelle.fr\/wp-content\/uploads\/2018\/02\/les-cartes-privil\u00e8ges-lr-300x185.jpg\" \/><\/a><\/div>\n  <div class=\"layer-content\">\n        <div class=\"element element_0  content \">\r\n        <p>&nbsp;<\/p>\n<p><span style=\"font-size: 18pt;color: #993366\"><strong>Carte&nbsp;<\/strong><\/span><span style=\"font-size: 18pt;color: #1ec8bb\"><b>Privil\u00e8ge LR<\/b><\/span><\/p>\n<hr>\n<p style=\"text-align: justify\"><span style=\"font-size: 14pt\">Vous \u00eates fid\u00e8le cliente? B\u00e9n\u00e9ficiez de r\u00e9ductions sur de nombreux produits de la gamme de soins LR.&nbsp; <span style=\"font-size: 13pt\"><strong><span style=\"color: #ff99cc\"><a href=\"http:\/\/christelleesthetique-lachapelle.fr\/index.php\/contact\/\">+++<\/a><\/span><\/strong><\/span><\/span><\/p>\n<p>&nbsp;<\/p>\n    <\/div>\r\n    <hr class=\"element element_1  hr \">\r\n    <\/hr>\r\n  <\/div>\n    <\/div>\n  <\/div><div class=\"item item-204 skin flip-x even 4 \">\n        <div class=\"layer-wrapper layout-\">\n        <div class=\"layer-media\"><a href=\"https:\/\/christelleesthetique-lachapelle.fr\/index.php\/2018\/01\/05\/204\/\"><img decoding=\"async\" alt=\"\" src=\"https:\/\/christelleesthetique-lachapelle.fr\/wp-content\/uploads\/2018\/02\/les-cartes-promos-internet-300x185.jpg\" \/><\/a><\/div>\n  <div class=\"layer-content\">\n        <div class=\"element element_0  content \">\r\n        <p>&nbsp;<\/p>\n<p><span style=\"font-size: 18pt;color: #993366\"><strong>Cartes&nbsp;<\/strong><\/span><span style=\"font-size: 18pt;color: #1ec8bb\"><b>Promos<\/b><\/span><\/p>\n<hr>\n<p style=\"text-align: justify\"><span style=\"font-size: 14pt\">R\u00e9guli\u00e8rement t\u00e9l\u00e9chargez et imprimez les coupons des offres promotionnelles pour b\u00e9n\u00e9ficier de tarifs avantageux&nbsp;&nbsp;<\/span><span style=\"font-size: 13pt\"><strong><span style=\"color: #ff99cc\"><a href=\"http:\/\/christelleesthetique-lachapelle.fr\/index.php\/promos-en-cours\/\">+++<\/a><\/span><\/strong><\/span><\/p>\n<p>&nbsp;<\/p>\n    <\/div>\r\n    <hr class=\"element element_1  hr \">\r\n    <\/hr>\r\n  <\/div>\n    <\/div>\n  <\/div>    <\/div>\n    <div class=\"pagination\">\n      <div class=\"paginate\">\n      <\/div>\n  <style type=\"text\/css\">\n    #post-grid-803 .pagination .page-numbers {\n      font-size: 17px;\n      color: #646464;\n      background: #646464;\n    }\n\n    #post-grid-803 .pagination .page-numbers:hover,\n    #post-grid-803 .pagination .page-numbers.current {\n      background: #4b4b4b;\n    }\n  <\/style>\n  <\/div>\n      <style type=\"text\/css\">\n      \/*Write your CSS code here*\/    <\/style>\n      <script>\n          \/*Write your js code here*\/          <\/script>\n    <style type=\"text\/css\">\n    #post-grid-803 .element_0 {\n      font-size:12px;display:block;padding:10px;    }\n\n    #post-grid-803 .element_1 {\n      font-size:12px;display:block;padding:10px;    }\n\n    #post-grid-803 .element_0:hover{}#post-grid-803 .element_1:hover{}  <\/style>\n  <style type=\"text\/css\">\n    #post-grid-803 {\n      padding: 10px;\n      background-color: #fff;\n          }\n\n    #post-grid-803 .item {\n      background: #fff;\n          }\n\n    #post-grid-803 .item .layer-media {\n      height:auto;    }\n\n    @media only screen and (min-width: 0px) and (max-width: 767px) {\n      #post-grid-803 .grid-items {\n        text-align: center;\n              }\n\n      #post-grid-803 .item {\n        width: 90%;\n        margin: 10px;\n        display: inline-block;\n        vertical-align: top;\n        height:auto;      }\n    }\n\n    @media only screen and (min-width: 768px) and (max-width: 1023px) {\n      #post-grid-803 .grid-items {\n        text-align: center;\n              }\n\n      #post-grid-803 .item {\n        width: 280px;\n        margin: 10px;\n        display: inline-block;\n        vertical-align: top;\n        max-height:auto;      }\n    }\n\n    @media only screen and (min-width: 1024px) {\n      #post-grid-803 .grid-items {\n        text-align: center;\n              }\n\n      #post-grid-803 .item {\n        width: 280px;\n        display: inline-block;\n        margin: 10px;\n        vertical-align: top;\n        height:auto;      }\n    }\n\n      <\/style>\n  <\/div>\n\n<p>* pour plus d&rsquo;informations s\u00e9lectionnez la carte qui vous int\u00e9resse.<\/p>\n","protected":false},"excerpt":{"rendered":"<p>Christelle Esth\u00e9tique propose plusieurs cartes vous permettant de r\u00e9compenser votre fid\u00e9lit\u00e9 tout au long de l&rsquo;ann\u00e9e ou de b\u00e9n\u00e9ficier ponctuellement d&rsquo;avantages et de promotions &#8230; alors n&rsquo;h\u00e9sitez pas \u00e0 en profiter !!! * pour plus d&rsquo;informations s\u00e9lectionnez la carte qui vous int\u00e9resse.<\/p>\n<p> <a class=\"continue-reading-link\" href=\"https:\/\/christelleesthetique-lachapelle.fr\/index.php\/2018\/02\/11\/carte-parrainage\/\"><span>Continue reading<\/span><i class=\"crycon-right-dir\"><\/i><\/a> <\/p>\n","protected":false},"author":1,"featured_media":0,"parent":0,"menu_order":0,"comment_status":"closed","ping_status":"closed","template":"","meta":{"footnotes":""},"class_list":["post-18","page","type-page","status-publish","hentry"],"_links":{"self":[{"href":"https:\/\/christelleesthetique-lachapelle.fr\/index.php\/wp-json\/wp\/v2\/pages\/18","targetHints":{"allow":["GET"]}}],"collection":[{"href":"https:\/\/christelleesthetique-lachapelle.fr\/index.php\/wp-json\/wp\/v2\/pages"}],"about":[{"href":"https:\/\/christelleesthetique-lachapelle.fr\/index.php\/wp-json\/wp\/v2\/types\/page"}],"author":[{"embeddable":true,"href":"https:\/\/christelleesthetique-lachapelle.fr\/index.php\/wp-json\/wp\/v2\/users\/1"}],"replies":[{"embeddable":true,"href":"https:\/\/christelleesthetique-lachapelle.fr\/index.php\/wp-json\/wp\/v2\/comments?post=18"}],"version-history":[{"count":7,"href":"https:\/\/christelleesthetique-lachapelle.fr\/index.php\/wp-json\/wp\/v2\/pages\/18\/revisions"}],"predecessor-version":[{"id":806,"href":"https:\/\/christelleesthetique-lachapelle.fr\/index.php\/wp-json\/wp\/v2\/pages\/18\/revisions\/806"}],"wp:attachment":[{"href":"https:\/\/christelleesthetique-lachapelle.fr\/index.php\/wp-json\/wp\/v2\/media?parent=18"}],"curies":[{"name":"wp","href":"https:\/\/api.w.org\/{rel}","templated":true}]}}