{"id":20,"date":"2018-01-27T09:57:37","date_gmt":"2018-01-27T08:57:37","guid":{"rendered":"http:\/\/christelleesthetique-lachapelle.fr\/?page_id=20"},"modified":"2018-04-11T17:29:10","modified_gmt":"2018-04-11T15:29:10","slug":"reiki","status":"publish","type":"page","link":"https:\/\/christelleesthetique-lachapelle.fr\/index.php\/reiki\/","title":{"rendered":"Reiki"},"content":{"rendered":"\t\t<div data-elementor-type=\"wp-post\" data-elementor-id=\"20\" class=\"elementor elementor-20 elementor-bc-flex-widget\" data-elementor-post-type=\"page\">\n\t\t\t\t\t\t<section class=\"elementor-section elementor-top-section elementor-element elementor-element-0aeb3d2 elementor-section-boxed elementor-section-height-default elementor-section-height-default\" data-id=\"0aeb3d2\" data-element_type=\"section\">\n\t\t\t\t\t\t<div class=\"elementor-container elementor-column-gap-default\">\n\t\t\t\t\t<div class=\"elementor-column elementor-col-33 elementor-top-column elementor-element elementor-element-9ce8982\" data-id=\"9ce8982\" data-element_type=\"column\">\n\t\t\t<div class=\"elementor-widget-wrap elementor-element-populated\">\n\t\t\t\t\t\t<div class=\"elementor-element elementor-element-0e03f4d elementor-widget elementor-widget-image\" data-id=\"0e03f4d\" data-element_type=\"widget\" data-widget_type=\"image.default\">\n\t\t\t\t<div class=\"elementor-widget-container\">\n\t\t\t\t\t\t\t\t\t\t\t\t\t\t\t<img fetchpriority=\"high\" decoding=\"async\" width=\"500\" height=\"250\" src=\"https:\/\/christelleesthetique-lachapelle.fr\/wp-content\/uploads\/2018\/02\/fotolia_129331933.jpg\" class=\"attachment-large size-large wp-image-398\" alt=\"\" srcset=\"https:\/\/christelleesthetique-lachapelle.fr\/wp-content\/uploads\/2018\/02\/fotolia_129331933.jpg 500w, https:\/\/christelleesthetique-lachapelle.fr\/wp-content\/uploads\/2018\/02\/fotolia_129331933-300x150.jpg 300w, https:\/\/christelleesthetique-lachapelle.fr\/wp-content\/uploads\/2018\/02\/fotolia_129331933-150x75.jpg 150w\" sizes=\"(max-width: 500px) 100vw, 500px\" \/>\t\t\t\t\t\t\t\t\t\t\t\t\t\t\t<\/div>\n\t\t\t\t<\/div>\n\t\t\t\t\t<\/div>\n\t\t<\/div>\n\t\t\t\t<div class=\"elementor-column elementor-col-66 elementor-top-column elementor-element elementor-element-3beef34\" data-id=\"3beef34\" data-element_type=\"column\">\n\t\t\t<div class=\"elementor-widget-wrap elementor-element-populated\">\n\t\t\t\t\t\t<div class=\"elementor-element elementor-element-c4c52bd elementor-widget elementor-widget-text-editor\" data-id=\"c4c52bd\" data-element_type=\"widget\" data-widget_type=\"text-editor.default\">\n\t\t\t\t<div class=\"elementor-widget-container\">\n\t\t\t\t\t\t\t\t\t<p class=\"MsoNormal\"><u>Le Reiki<\/u> est une technique th\u00e9rapeutique simple et naturelle, red\u00e9couverte \u00e0 la fin du 19<sup>\u00e8me<\/sup> par le Docteur Mikao Usui, qui a d\u00e9velopp\u00e9 cette m\u00e9thode telle que l\u2019on l\u2019utilise encore aujourd\u2019hui.<\/p><p class=\"MsoNormal\">L\u2019apprentissage du Reiki est accessible \u00e0 tout \u00eatre ouvert et d\u00e9sireux de laisser cette \u00e9nergie th\u00e9rapeutique circuler \u00e0 travers lui.<\/p>\t\t\t\t\t\t\t\t<\/div>\n\t\t\t\t<\/div>\n\t\t\t\t\t<\/div>\n\t\t<\/div>\n\t\t\t\t\t<\/div>\n\t\t<\/section>\n\t\t\t\t<section class=\"elementor-section elementor-top-section elementor-element elementor-element-c53dd8b elementor-section-boxed elementor-section-height-default elementor-section-height-default\" data-id=\"c53dd8b\" data-element_type=\"section\">\n\t\t\t\t\t\t<div class=\"elementor-container elementor-column-gap-default\">\n\t\t\t\t\t<div class=\"elementor-column elementor-col-50 elementor-top-column elementor-element elementor-element-1b68ffb\" data-id=\"1b68ffb\" data-element_type=\"column\">\n\t\t\t<div class=\"elementor-widget-wrap elementor-element-populated\">\n\t\t\t\t\t\t<div class=\"elementor-element elementor-element-3d14852 elementor-widget elementor-widget-text-editor\" data-id=\"3d14852\" data-element_type=\"widget\" data-widget_type=\"text-editor.default\">\n\t\t\t\t<div class=\"elementor-widget-container\">\n\t\t\t\t\t\t\t\t\t<h5><span style=\"text-decoration: underline;\"><strong><span style=\"color: #993366; text-decoration: underline;\">Les quatre port\u00e9es du Reiki<\/span><\/strong><\/span><u><\/u><\/h5><h5><u><\/u><span style=\"font-size: 14pt; font-family: arial, helvetica, sans-serif;\">Le Reiki se r\u00e9percute diff\u00e9remment sur chacun, mais agit l\u00e0 o\u00f9 la personne en a le plus besoin. Il influe sur les pens\u00e9es, le corps, les \u00e9motions et l\u2019esprit et r\u00e9\u00e9quilibre en profondeur.<\/span><\/h5><p><span style=\"font-size: 14pt; font-family: arial, helvetica, sans-serif;\">Il offre une profonde d\u00e9tente, provoquant un sentiment de paix et de bien-\u00eatre.<\/span><\/p>\t\t\t\t\t\t\t\t<\/div>\n\t\t\t\t<\/div>\n\t\t\t\t\t<\/div>\n\t\t<\/div>\n\t\t\t\t<div class=\"elementor-column elementor-col-50 elementor-top-column elementor-element elementor-element-faa675d\" data-id=\"faa675d\" data-element_type=\"column\">\n\t\t\t<div class=\"elementor-widget-wrap elementor-element-populated\">\n\t\t\t\t\t\t<div class=\"elementor-element elementor-element-d84d276 elementor-drop-cap-yes elementor-drop-cap-view-default elementor-invisible elementor-widget elementor-widget-text-editor\" data-id=\"d84d276\" data-element_type=\"widget\" data-settings=\"{&quot;drop_cap&quot;:&quot;yes&quot;,&quot;_animation&quot;:&quot;slideInRight&quot;}\" data-widget_type=\"text-editor.default\">\n\t\t\t\t<div class=\"elementor-widget-container\">\n\t\t\t\t\t\t\t\t\t<p style=\"margin-left: 7.1pt; text-align: justify;\"><strong><span style=\"font-family: arial, helvetica, sans-serif;\">1-\u00a0 <\/span>Physique\u00a0<\/strong>: il renforce le syst\u00e8me immunitaire.<\/p><p style=\"margin-left: 7.1pt; text-align: justify;\"><span style=\"color: #993366;\"><strong><span style=\"font-family: arial, helvetica, sans-serif;\">2-\u00a0\u00a0<\/span>Emotionnelle<\/strong><\/span>\u00a0: il a un effet relaxant et calmant sur le syst\u00e8me nerveux et r\u00e9\u00e9quilibre les \u00e9motions.<\/p><p style=\"margin-left: 7.1pt; text-align: justify;\"><strong><span style=\"font-family: arial, helvetica, sans-serif;\">3-\u00a0\u00a0<\/span>Psychique<\/strong>\u00a0: le Reiki agit sur l\u2019activit\u00e9 mentale. Il permet de clarifier les pens\u00e9es, de prendre les bonnes d\u00e9cisions pour changer et am\u00e9liorer son existence.<\/p><p style=\"margin-left: 7.1pt; text-align: justify;\"><strong><span style=\"color: #993366;\"><span style=\"font-family: arial, helvetica, sans-serif;\">4-\u00a0\u00a0<\/span>Spirituelle<\/span>\u00a0<\/strong>: apr\u00e8s un traitement Reiki, les personnes ont souvent l\u2019impression d\u2019\u00eatre connect\u00e9es \u00e0 quelque chose de plus intime que leur moi habituel.<\/p>\t\t\t\t\t\t\t\t<\/div>\n\t\t\t\t<\/div>\n\t\t\t\t\t<\/div>\n\t\t<\/div>\n\t\t\t\t\t<\/div>\n\t\t<\/section>\n\t\t\t\t<section class=\"elementor-section elementor-top-section elementor-element elementor-element-0d14bdf elementor-section-stretched elementor-section-full_width elementor-section-height-default elementor-section-height-default\" data-id=\"0d14bdf\" data-element_type=\"section\" data-settings=\"{&quot;stretch_section&quot;:&quot;section-stretched&quot;,&quot;background_background&quot;:&quot;classic&quot;,&quot;shape_divider_top&quot;:&quot;mountains&quot;,&quot;shape_divider_bottom&quot;:&quot;mountains&quot;}\">\n\t\t\t\t\t<div class=\"elementor-shape elementor-shape-top\" aria-hidden=\"true\" data-negative=\"false\">\n\t\t\t<svg xmlns=\"http:\/\/www.w3.org\/2000\/svg\" viewBox=\"0 0 1000 100\" preserveAspectRatio=\"none\">\n\t<path class=\"elementor-shape-fill\" opacity=\"0.33\" d=\"M473,67.3c-203.9,88.3-263.1-34-320.3,0C66,119.1,0,59.7,0,59.7V0h1000v59.7 c0,0-62.1,26.1-94.9,29.3c-32.8,3.3-62.8-12.3-75.8-22.1C806,49.6,745.3,8.7,694.9,4.7S492.4,59,473,67.3z\"\/>\n\t<path class=\"elementor-shape-fill\" opacity=\"0.66\" d=\"M734,67.3c-45.5,0-77.2-23.2-129.1-39.1c-28.6-8.7-150.3-10.1-254,39.1 s-91.7-34.4-149.2,0C115.7,118.3,0,39.8,0,39.8V0h1000v36.5c0,0-28.2-18.5-92.1-18.5C810.2,18.1,775.7,67.3,734,67.3z\"\/>\n\t<path class=\"elementor-shape-fill\" d=\"M766.1,28.9c-200-57.5-266,65.5-395.1,19.5C242,1.8,242,5.4,184.8,20.6C128,35.8,132.3,44.9,89.9,52.5C28.6,63.7,0,0,0,0 h1000c0,0-9.9,40.9-83.6,48.1S829.6,47,766.1,28.9z\"\/>\n<\/svg>\t\t<\/div>\n\t\t\t\t<div class=\"elementor-shape elementor-shape-bottom\" aria-hidden=\"true\" data-negative=\"false\">\n\t\t\t<svg xmlns=\"http:\/\/www.w3.org\/2000\/svg\" viewBox=\"0 0 1000 100\" preserveAspectRatio=\"none\">\n\t<path class=\"elementor-shape-fill\" opacity=\"0.33\" d=\"M473,67.3c-203.9,88.3-263.1-34-320.3,0C66,119.1,0,59.7,0,59.7V0h1000v59.7 c0,0-62.1,26.1-94.9,29.3c-32.8,3.3-62.8-12.3-75.8-22.1C806,49.6,745.3,8.7,694.9,4.7S492.4,59,473,67.3z\"\/>\n\t<path class=\"elementor-shape-fill\" opacity=\"0.66\" d=\"M734,67.3c-45.5,0-77.2-23.2-129.1-39.1c-28.6-8.7-150.3-10.1-254,39.1 s-91.7-34.4-149.2,0C115.7,118.3,0,39.8,0,39.8V0h1000v36.5c0,0-28.2-18.5-92.1-18.5C810.2,18.1,775.7,67.3,734,67.3z\"\/>\n\t<path class=\"elementor-shape-fill\" d=\"M766.1,28.9c-200-57.5-266,65.5-395.1,19.5C242,1.8,242,5.4,184.8,20.6C128,35.8,132.3,44.9,89.9,52.5C28.6,63.7,0,0,0,0 h1000c0,0-9.9,40.9-83.6,48.1S829.6,47,766.1,28.9z\"\/>\n<\/svg>\t\t<\/div>\n\t\t\t\t\t<div class=\"elementor-container elementor-column-gap-default\">\n\t\t\t\t\t<div class=\"elementor-column elementor-col-100 elementor-top-column elementor-element elementor-element-7c24dd6\" data-id=\"7c24dd6\" data-element_type=\"column\">\n\t\t\t<div class=\"elementor-widget-wrap elementor-element-populated\">\n\t\t\t\t\t\t<div class=\"elementor-element elementor-element-a95b8f7 elementor-widget elementor-widget-heading\" data-id=\"a95b8f7\" data-element_type=\"widget\" data-widget_type=\"heading.default\">\n\t\t\t\t<div class=\"elementor-widget-container\">\n\t\t\t\t\t<h2 class=\"elementor-heading-title elementor-size-default\">Reprenez possession de votre vie ....<\/h2>\t\t\t\t<\/div>\n\t\t\t\t<\/div>\n\t\t\t\t\t<\/div>\n\t\t<\/div>\n\t\t\t\t\t<\/div>\n\t\t<\/section>\n\t\t\t\t<section class=\"elementor-section elementor-top-section elementor-element elementor-element-917f941 elementor-section-boxed elementor-section-height-default elementor-section-height-default\" data-id=\"917f941\" data-element_type=\"section\">\n\t\t\t\t\t\t<div class=\"elementor-container elementor-column-gap-default\">\n\t\t\t\t\t<div class=\"elementor-column elementor-col-100 elementor-top-column elementor-element elementor-element-c017831\" data-id=\"c017831\" data-element_type=\"column\">\n\t\t\t<div class=\"elementor-widget-wrap elementor-element-populated\">\n\t\t\t\t\t\t<div class=\"elementor-element elementor-element-479fe25 elementor-widget-divider--view-line elementor-widget elementor-widget-divider\" data-id=\"479fe25\" data-element_type=\"widget\" data-widget_type=\"divider.default\">\n\t\t\t\t<div class=\"elementor-widget-container\">\n\t\t\t\t\t\t\t<div class=\"elementor-divider\">\n\t\t\t<span class=\"elementor-divider-separator\">\n\t\t\t\t\t\t<\/span>\n\t\t<\/div>\n\t\t\t\t\t\t<\/div>\n\t\t\t\t<\/div>\n\t\t\t\t\t<\/div>\n\t\t<\/div>\n\t\t\t\t\t<\/div>\n\t\t<\/section>\n\t\t\t\t<section class=\"elementor-section elementor-top-section elementor-element elementor-element-8226f54 elementor-section-boxed elementor-section-height-default elementor-section-height-default\" data-id=\"8226f54\" data-element_type=\"section\">\n\t\t\t\t\t\t<div class=\"elementor-container elementor-column-gap-default\">\n\t\t\t\t\t<div class=\"elementor-column elementor-col-50 elementor-top-column elementor-element elementor-element-0d654b1\" data-id=\"0d654b1\" data-element_type=\"column\">\n\t\t\t<div class=\"elementor-widget-wrap elementor-element-populated\">\n\t\t\t\t\t\t<div class=\"elementor-element elementor-element-ce02b29 elementor-widget elementor-widget-text-editor\" data-id=\"ce02b29\" data-element_type=\"widget\" data-widget_type=\"text-editor.default\">\n\t\t\t\t<div class=\"elementor-widget-container\">\n\t\t\t\t\t\t\t\t\t<p style=\"text-align: left;\"><u>Les Chakras et \u00ab\u00a0syst\u00e8me endocrinien<\/u>\u00a0\u00bb\u00a0?\u00a0<\/p><p>A quoi servent les chakras\u00a0?<\/p><p>Chaque chakras est reli\u00e9 \u00e0 un organe et \u00e0 une zone sp\u00e9cifique du corps dont il influence la fonction. Les chakras sont des conduits permettant \u00e0 l\u2019\u00e9nergie d\u2019affluer et de refluer \u00e0 travers l\u2019aura et le corps physique.<\/p><p>Absorbant l\u2019\u00e9nergie universelle\u00a0\u00ab\u00a0le ki\u00a0\u00bb, il la fragmente en plusieurs parts et l\u2019envoie le long des lignes \u00e9nerg\u00e9tiques vers le syst\u00e8me nerveux, les glandes endocrines et le sang, pour nourrir le corps.<\/p>\t\t\t\t\t\t\t\t<\/div>\n\t\t\t\t<\/div>\n\t\t\t\t\t<\/div>\n\t\t<\/div>\n\t\t\t\t<div class=\"elementor-column elementor-col-50 elementor-top-column elementor-element elementor-element-0131252\" data-id=\"0131252\" data-element_type=\"column\">\n\t\t\t<div class=\"elementor-widget-wrap elementor-element-populated\">\n\t\t\t\t\t\t<div class=\"elementor-element elementor-element-5d99aba elementor-widget elementor-widget-image\" data-id=\"5d99aba\" data-element_type=\"widget\" data-widget_type=\"image.default\">\n\t\t\t\t<div class=\"elementor-widget-container\">\n\t\t\t\t\t\t\t\t\t\t\t\t\t\t\t<img decoding=\"async\" width=\"500\" height=\"300\" src=\"https:\/\/christelleesthetique-lachapelle.fr\/wp-content\/uploads\/2018\/02\/fotolia_60577740.jpg\" class=\"attachment-large size-large wp-image-391\" alt=\"\" srcset=\"https:\/\/christelleesthetique-lachapelle.fr\/wp-content\/uploads\/2018\/02\/fotolia_60577740.jpg 500w, https:\/\/christelleesthetique-lachapelle.fr\/wp-content\/uploads\/2018\/02\/fotolia_60577740-300x180.jpg 300w, https:\/\/christelleesthetique-lachapelle.fr\/wp-content\/uploads\/2018\/02\/fotolia_60577740-250x150.jpg 250w, https:\/\/christelleesthetique-lachapelle.fr\/wp-content\/uploads\/2018\/02\/fotolia_60577740-150x90.jpg 150w\" sizes=\"(max-width: 500px) 100vw, 500px\" \/>\t\t\t\t\t\t\t\t\t\t\t\t\t\t\t<\/div>\n\t\t\t\t<\/div>\n\t\t\t\t\t<\/div>\n\t\t<\/div>\n\t\t\t\t\t<\/div>\n\t\t<\/section>\n\t\t\t\t<section class=\"elementor-section elementor-top-section elementor-element elementor-element-a649f94 elementor-section-boxed elementor-section-height-default elementor-section-height-default\" data-id=\"a649f94\" data-element_type=\"section\">\n\t\t\t\t\t\t<div class=\"elementor-container elementor-column-gap-default\">\n\t\t\t\t\t<div class=\"elementor-column elementor-col-100 elementor-top-column elementor-element elementor-element-241aa71\" data-id=\"241aa71\" data-element_type=\"column\">\n\t\t\t<div class=\"elementor-widget-wrap\">\n\t\t\t\t\t\t\t<\/div>\n\t\t<\/div>\n\t\t\t\t\t<\/div>\n\t\t<\/section>\n\t\t\t\t<section class=\"elementor-section elementor-top-section elementor-element elementor-element-e02db00 elementor-section-boxed elementor-section-height-default elementor-section-height-default\" data-id=\"e02db00\" data-element_type=\"section\">\n\t\t\t\t\t\t<div class=\"elementor-container elementor-column-gap-default\">\n\t\t\t\t\t<div class=\"elementor-column elementor-col-50 elementor-top-column elementor-element elementor-element-18c0c65\" data-id=\"18c0c65\" data-element_type=\"column\">\n\t\t\t<div class=\"elementor-widget-wrap elementor-element-populated\">\n\t\t\t\t\t\t<div class=\"elementor-element elementor-element-ca9e586 elementor-widget elementor-widget-image\" data-id=\"ca9e586\" data-element_type=\"widget\" data-widget_type=\"image.default\">\n\t\t\t\t<div class=\"elementor-widget-container\">\n\t\t\t\t\t\t\t\t\t\t\t\t\t\t\t<img decoding=\"async\" width=\"150\" height=\"150\" src=\"https:\/\/christelleesthetique-lachapelle.fr\/wp-content\/uploads\/2018\/02\/Le-grand-livre-des-symboles-reiki-150x150.jpg\" class=\"attachment-thumbnail size-thumbnail wp-image-473\" alt=\"\" srcset=\"https:\/\/christelleesthetique-lachapelle.fr\/wp-content\/uploads\/2018\/02\/Le-grand-livre-des-symboles-reiki-150x150.jpg 150w, https:\/\/christelleesthetique-lachapelle.fr\/wp-content\/uploads\/2018\/02\/Le-grand-livre-des-symboles-reiki-300x300.jpg 300w, https:\/\/christelleesthetique-lachapelle.fr\/wp-content\/uploads\/2018\/02\/Le-grand-livre-des-symboles-reiki.jpg 340w\" sizes=\"(max-width: 150px) 100vw, 150px\" \/>\t\t\t\t\t\t\t\t\t\t\t\t\t\t\t<\/div>\n\t\t\t\t<\/div>\n\t\t\t\t\t<\/div>\n\t\t<\/div>\n\t\t\t\t<div class=\"elementor-column elementor-col-50 elementor-top-column elementor-element elementor-element-ec09239\" data-id=\"ec09239\" data-element_type=\"column\">\n\t\t\t<div class=\"elementor-widget-wrap elementor-element-populated\">\n\t\t\t\t\t\t<div class=\"elementor-element elementor-element-f7856fe elementor-widget elementor-widget-text-editor\" data-id=\"f7856fe\" data-element_type=\"widget\" data-widget_type=\"text-editor.default\">\n\t\t\t\t<div class=\"elementor-widget-container\">\n\t\t\t\t\t\t\t\t\t<p style=\"text-align: justify;\">Aujourd\u00b4hui, le reiki est universellement reconnu. Sa vocation \u00e0 canaliser l\u00b4\u00e9nergie accro\u00eet les capacit\u00e9s de l&rsquo;organisme \u00e0 se soigner lui-m\u00eame et ainsi renforce tout traitement m\u00e9dical. Avec cet ouvrage de r\u00e9f\u00e9rence tr\u00e8s d\u00e9taill\u00e9 sur l\u00b4utilisation des symboles et des mantras, vous comprendrez quelles sont les forces qui entrent en jeu pour permettre cette gu\u00e9rison naturelle.<\/p>\t\t\t\t\t\t\t\t<\/div>\n\t\t\t\t<\/div>\n\t\t\t\t\t<\/div>\n\t\t<\/div>\n\t\t\t\t\t<\/div>\n\t\t<\/section>\n\t\t\t\t<section class=\"elementor-section elementor-top-section elementor-element elementor-element-7c8e394 elementor-section-boxed elementor-section-height-default elementor-section-height-default\" data-id=\"7c8e394\" data-element_type=\"section\">\n\t\t\t\t\t\t<div class=\"elementor-container elementor-column-gap-default\">\n\t\t\t\t\t<div class=\"elementor-column elementor-col-50 elementor-top-column elementor-element elementor-element-fe6ef77\" data-id=\"fe6ef77\" data-element_type=\"column\">\n\t\t\t<div class=\"elementor-widget-wrap elementor-element-populated\">\n\t\t\t\t\t\t<div class=\"elementor-element elementor-element-da84412 elementor-widget elementor-widget-image\" data-id=\"da84412\" data-element_type=\"widget\" data-widget_type=\"image.default\">\n\t\t\t\t<div class=\"elementor-widget-container\">\n\t\t\t\t\t\t\t\t\t\t\t\t\t\t\t<img loading=\"lazy\" decoding=\"async\" width=\"150\" height=\"150\" src=\"https:\/\/christelleesthetique-lachapelle.fr\/wp-content\/uploads\/2018\/02\/Reiki-150x150.jpg\" class=\"attachment-thumbnail size-thumbnail wp-image-478\" alt=\"\" srcset=\"https:\/\/christelleesthetique-lachapelle.fr\/wp-content\/uploads\/2018\/02\/Reiki-150x150.jpg 150w, https:\/\/christelleesthetique-lachapelle.fr\/wp-content\/uploads\/2018\/02\/Reiki-300x300.jpg 300w, https:\/\/christelleesthetique-lachapelle.fr\/wp-content\/uploads\/2018\/02\/Reiki.jpg 340w\" sizes=\"(max-width: 150px) 100vw, 150px\" \/>\t\t\t\t\t\t\t\t\t\t\t\t\t\t\t<\/div>\n\t\t\t\t<\/div>\n\t\t\t\t\t<\/div>\n\t\t<\/div>\n\t\t\t\t<div class=\"elementor-column elementor-col-50 elementor-top-column elementor-element elementor-element-0c6af19\" data-id=\"0c6af19\" data-element_type=\"column\">\n\t\t\t<div class=\"elementor-widget-wrap elementor-element-populated\">\n\t\t\t\t\t\t<div class=\"elementor-element elementor-element-a60f6cd elementor-widget elementor-widget-text-editor\" data-id=\"a60f6cd\" data-element_type=\"widget\" data-widget_type=\"text-editor.default\">\n\t\t\t\t<div class=\"elementor-widget-container\">\n\t\t\t\t\t\t\t\t\t<p style=\"text-align: justify;\">Le Reiki circule toujours, m\u00eame sans notre intervention. Mais sa circulation est plus cibl\u00e9e si elle est bien guid\u00e9e. C&rsquo;est tout l&rsquo;int\u00e9r\u00eat des techniques enseign\u00e9es dans cet ouvrage, dont certaines n&rsquo;ont jamais \u00e9t\u00e9 d\u00e9crites de mani\u00e8re aussi d\u00e9taill\u00e9e. Le lecteur trouvera des techniques pour chacun des trois degr\u00e9s. Avec le premier degr\u00e9 de Reiki, nous nous r\u00e9veillons et nous nous prenons en charge.<\/p>\t\t\t\t\t\t\t\t<\/div>\n\t\t\t\t<\/div>\n\t\t\t\t\t<\/div>\n\t\t<\/div>\n\t\t\t\t\t<\/div>\n\t\t<\/section>\n\t\t\t\t<\/div>\n\t\t","protected":false},"excerpt":{"rendered":"<p>Le Reiki est une technique th\u00e9rapeutique simple et naturelle, red\u00e9couverte \u00e0 la fin du 19\u00e8me par le Docteur Mikao Usui, qui a d\u00e9velopp\u00e9 cette m\u00e9thode telle que l\u2019on l\u2019utilise encore aujourd\u2019hui. L\u2019apprentissage du Reiki est accessible \u00e0 tout \u00eatre ouvert et d\u00e9sireux de laisser cette \u00e9nergie th\u00e9rapeutique circuler \u00e0 travers\u2026<\/p>\n<p> <a class=\"continue-reading-link\" href=\"https:\/\/christelleesthetique-lachapelle.fr\/index.php\/reiki\/\"><span>Continue reading<\/span><i class=\"crycon-right-dir\"><\/i><\/a> <\/p>\n","protected":false},"author":1,"featured_media":0,"parent":0,"menu_order":0,"comment_status":"closed","ping_status":"closed","template":"","meta":{"footnotes":""},"class_list":["post-20","page","type-page","status-publish","hentry"],"_links":{"self":[{"href":"https:\/\/christelleesthetique-lachapelle.fr\/index.php\/wp-json\/wp\/v2\/pages\/20","targetHints":{"allow":["GET"]}}],"collection":[{"href":"https:\/\/christelleesthetique-lachapelle.fr\/index.php\/wp-json\/wp\/v2\/pages"}],"about":[{"href":"https:\/\/christelleesthetique-lachapelle.fr\/index.php\/wp-json\/wp\/v2\/types\/page"}],"author":[{"embeddable":true,"href":"https:\/\/christelleesthetique-lachapelle.fr\/index.php\/wp-json\/wp\/v2\/users\/1"}],"replies":[{"embeddable":true,"href":"https:\/\/christelleesthetique-lachapelle.fr\/index.php\/wp-json\/wp\/v2\/comments?post=20"}],"version-history":[{"count":70,"href":"https:\/\/christelleesthetique-lachapelle.fr\/index.php\/wp-json\/wp\/v2\/pages\/20\/revisions"}],"predecessor-version":[{"id":915,"href":"https:\/\/christelleesthetique-lachapelle.fr\/index.php\/wp-json\/wp\/v2\/pages\/20\/revisions\/915"}],"wp:attachment":[{"href":"https:\/\/christelleesthetique-lachapelle.fr\/index.php\/wp-json\/wp\/v2\/media?parent=20"}],"curies":[{"name":"wp","href":"https:\/\/api.w.org\/{rel}","templated":true}]}}