{"id":681,"date":"2018-02-27T16:30:40","date_gmt":"2018-02-27T15:30:40","guid":{"rendered":"http:\/\/christelleesthetique-lachapelle.fr\/?page_id=681"},"modified":"2023-10-24T16:16:58","modified_gmt":"2023-10-24T14:16:58","slug":"les-produits-lr-2","status":"publish","type":"page","link":"https:\/\/christelleesthetique-lachapelle.fr\/index.php\/les-produits-lr-2\/","title":{"rendered":"Les produits lr"},"content":{"rendered":"\t\t<div data-elementor-type=\"wp-post\" data-elementor-id=\"681\" class=\"elementor elementor-681\" data-elementor-post-type=\"page\">\n\t\t\t\t\t\t<section class=\"elementor-section elementor-top-section elementor-element elementor-element-be8417a elementor-section-content-middle elementor-section-boxed elementor-section-height-default elementor-section-height-default\" data-id=\"be8417a\" data-element_type=\"section\" data-settings=\"{&quot;background_background&quot;:&quot;classic&quot;}\">\n\t\t\t\t\t\t\t<div class=\"elementor-background-overlay\"><\/div>\n\t\t\t\t\t\t\t<div class=\"elementor-container elementor-column-gap-no\">\n\t\t\t\t\t<div class=\"elementor-column elementor-col-50 elementor-top-column elementor-element elementor-element-13e3654\" data-id=\"13e3654\" data-element_type=\"column\">\n\t\t\t<div class=\"elementor-widget-wrap elementor-element-populated\">\n\t\t\t\t\t\t<div class=\"elementor-element elementor-element-3fc56d2 elementor-widget elementor-widget-heading\" data-id=\"3fc56d2\" data-element_type=\"widget\" data-widget_type=\"heading.default\">\n\t\t\t\t<div class=\"elementor-widget-container\">\n\t\t\t\t\t<h2 class=\"elementor-heading-title elementor-size-default\">Nouveau !!<\/h2>\t\t\t\t<\/div>\n\t\t\t\t<\/div>\n\t\t\t\t<div class=\"elementor-element elementor-element-f21abfb elementor-widget-divider--view-line elementor-widget elementor-widget-divider\" data-id=\"f21abfb\" data-element_type=\"widget\" data-widget_type=\"divider.default\">\n\t\t\t\t<div class=\"elementor-widget-container\">\n\t\t\t\t\t\t\t<div class=\"elementor-divider\">\n\t\t\t<span class=\"elementor-divider-separator\">\n\t\t\t\t\t\t<\/span>\n\t\t<\/div>\n\t\t\t\t\t\t<\/div>\n\t\t\t\t<\/div>\n\t\t\t\t<div class=\"elementor-element elementor-element-0511199 elementor-widget elementor-widget-heading\" data-id=\"0511199\" data-element_type=\"widget\" data-widget_type=\"heading.default\">\n\t\t\t\t<div class=\"elementor-widget-container\">\n\t\t\t\t\t<h3 class=\"elementor-heading-title elementor-size-default\">BOUTIQUE EN LIGNE DES <br>PRODUITS LR<\/h3>\t\t\t\t<\/div>\n\t\t\t\t<\/div>\n\t\t\t\t<div class=\"elementor-element elementor-element-9f3a58d elementor-widget elementor-widget-text-editor\" data-id=\"9f3a58d\" data-element_type=\"widget\" data-widget_type=\"text-editor.default\">\n\t\t\t\t<div class=\"elementor-widget-container\">\n\t\t\t\t\t\t\t\t\t<p>Un lien afin de passer des commandes et de les recevoir directement chez vous !<\/p>\t\t\t\t\t\t\t\t<\/div>\n\t\t\t\t<\/div>\n\t\t\t\t<div class=\"elementor-element elementor-element-0941732 elementor-view-default elementor-widget elementor-widget-icon\" data-id=\"0941732\" data-element_type=\"widget\" data-settings=\"{&quot;_animation&quot;:&quot;none&quot;}\" data-widget_type=\"icon.default\">\n\t\t\t\t<div class=\"elementor-widget-container\">\n\t\t\t\t\t\t\t<div class=\"elementor-icon-wrapper\">\n\t\t\t<div class=\"elementor-icon\">\n\t\t\t<i aria-hidden=\"true\" class=\"fas fa-arrow-circle-right\"><\/i>\t\t\t<\/div>\n\t\t<\/div>\n\t\t\t\t\t\t<\/div>\n\t\t\t\t<\/div>\n\t\t\t\t\t<\/div>\n\t\t<\/div>\n\t\t\t\t<div class=\"elementor-column elementor-col-50 elementor-top-column elementor-element elementor-element-fc6386d\" data-id=\"fc6386d\" data-element_type=\"column\">\n\t\t\t<div class=\"elementor-widget-wrap elementor-element-populated\">\n\t\t\t\t\t\t<div class=\"elementor-element elementor-element-057131e elementor-cta--skin-cover elementor-cta--valign-bottom elementor-animated-content elementor-bg-transform elementor-bg-transform-zoom-in elementor-widget elementor-widget-call-to-action\" data-id=\"057131e\" data-element_type=\"widget\" data-widget_type=\"call-to-action.default\">\n\t\t\t\t<div class=\"elementor-widget-container\">\n\t\t\t\t\t\t\t<div class=\"elementor-cta\">\n\t\t\t\t\t<div class=\"elementor-cta__bg-wrapper\">\n\t\t\t\t<div class=\"elementor-cta__bg elementor-bg\" style=\"background-image: url(https:\/\/christelleesthetique-lachapelle.fr\/wp-content\/uploads\/2020\/04\/Sans-titre-5-1024x462.jpg);\" role=\"img\" aria-label=\"Sans titre-5\"><\/div>\n\t\t\t\t<div class=\"elementor-cta__bg-overlay\"><\/div>\n\t\t\t<\/div>\n\t\t\t\t\t\t\t<div class=\"elementor-cta__content\">\n\t\t\t\t\n\t\t\t\t\t\t\t\t\t<h2 class=\"elementor-cta__title elementor-cta__content-item elementor-content-item elementor-animated-item--fade-in\">\n\t\t\t\t\t\tATTENTION\t\t\t\t\t<\/h2>\n\t\t\t\t\n\t\t\t\t\t\t\t\t\t<div class=\"elementor-cta__description elementor-cta__content-item elementor-content-item elementor-animated-item--fade-in\">\n\t\t\t\t\t\tV\u00e9rifiez que vous \u00eates bien sur ma boutique en ligne signal\u00e9e Christelle Delandines !!<br>\nN'h\u00e9sitez pas pour me demander des conseils au<br> 06 71 42 04 54\t\t\t\t\t<\/div>\n\t\t\t\t\n\t\t\t\t\t\t\t\t\t<div class=\"elementor-cta__button-wrapper elementor-cta__content-item elementor-content-item elementor-animated-item--fade-in\">\n\t\t\t\t\t<a class=\"elementor-cta__button elementor-button elementor-size-\" href=\"https:\/\/shop.lrworld.com\/home\/fr\/fr?PHP=zwWk%2BX3AiTQx%2BvAXwCECQQ%3D%3D\" target=\"_blank\">\n\t\t\t\t\t\tAcc\u00e9der \u00e0 la boutique\t\t\t\t\t<\/a>\n\t\t\t\t\t<\/div>\n\t\t\t\t\t\t\t<\/div>\n\t\t\t\t\t\t\t<div class=\"elementor-ribbon elementor-ribbon-right\">\n\t\t\t\t<div class=\"elementor-ribbon-inner\">e-boutique<\/div>\n\t\t\t<\/div>\n\t\t\t\t<\/div>\n\t\t\t\t\t\t<\/div>\n\t\t\t\t<\/div>\n\t\t\t\t\t<\/div>\n\t\t<\/div>\n\t\t\t\t\t<\/div>\n\t\t<\/section>\n\t\t\t\t<section class=\"elementor-section elementor-top-section elementor-element elementor-element-ebc51a3 elementor-section-boxed elementor-section-height-default elementor-section-height-default\" data-id=\"ebc51a3\" data-element_type=\"section\">\n\t\t\t\t\t\t<div class=\"elementor-container elementor-column-gap-default\">\n\t\t\t\t\t<div class=\"elementor-column elementor-col-100 elementor-top-column elementor-element elementor-element-f6e86f4\" data-id=\"f6e86f4\" data-element_type=\"column\">\n\t\t\t<div class=\"elementor-widget-wrap\">\n\t\t\t\t\t\t\t<\/div>\n\t\t<\/div>\n\t\t\t\t\t<\/div>\n\t\t<\/section>\n\t\t\t\t<section class=\"elementor-section elementor-top-section elementor-element elementor-element-60e0d51 elementor-section-boxed elementor-section-height-default elementor-section-height-default\" data-id=\"60e0d51\" data-element_type=\"section\">\n\t\t\t\t\t\t<div class=\"elementor-container elementor-column-gap-default\">\n\t\t\t\t\t<div class=\"elementor-column elementor-col-50 elementor-top-column elementor-element elementor-element-392ead3\" data-id=\"392ead3\" data-element_type=\"column\">\n\t\t\t<div class=\"elementor-widget-wrap elementor-element-populated\">\n\t\t\t\t\t\t<div class=\"elementor-element elementor-element-6b8c532 elementor-widget elementor-widget-image\" data-id=\"6b8c532\" data-element_type=\"widget\" data-widget_type=\"image.default\">\n\t\t\t\t<div class=\"elementor-widget-container\">\n\t\t\t\t\t\t\t\t\t\t\t\t\t\t\t\t<a href=\"https:\/\/www.calameo.com\/read\/0050533913e636e82d533\" target=\"_blank\">\n\t\t\t\t\t\t\t<img fetchpriority=\"high\" decoding=\"async\" width=\"626\" height=\"777\" src=\"https:\/\/christelleesthetique-lachapelle.fr\/wp-content\/uploads\/2023\/03\/Lr-2023.jpg\" class=\"attachment-full size-full wp-image-1887\" alt=\"\" srcset=\"https:\/\/christelleesthetique-lachapelle.fr\/wp-content\/uploads\/2023\/03\/Lr-2023.jpg 626w, https:\/\/christelleesthetique-lachapelle.fr\/wp-content\/uploads\/2023\/03\/Lr-2023-242x300.jpg 242w, https:\/\/christelleesthetique-lachapelle.fr\/wp-content\/uploads\/2023\/03\/Lr-2023-121x150.jpg 121w\" sizes=\"(max-width: 626px) 100vw, 626px\" \/>\t\t\t\t\t\t\t\t<\/a>\n\t\t\t\t\t\t\t\t\t\t\t\t\t\t\t<\/div>\n\t\t\t\t<\/div>\n\t\t\t\t<div class=\"elementor-element elementor-element-80b0b1e elementor-widget-divider--view-line elementor-widget elementor-widget-divider\" data-id=\"80b0b1e\" data-element_type=\"widget\" data-widget_type=\"divider.default\">\n\t\t\t\t<div class=\"elementor-widget-container\">\n\t\t\t\t\t\t\t<div class=\"elementor-divider\">\n\t\t\t<span class=\"elementor-divider-separator\">\n\t\t\t\t\t\t<\/span>\n\t\t<\/div>\n\t\t\t\t\t\t<\/div>\n\t\t\t\t<\/div>\n\t\t\t\t<div class=\"elementor-element elementor-element-363cdfb elementor-widget elementor-widget-heading\" data-id=\"363cdfb\" data-element_type=\"widget\" data-widget_type=\"heading.default\">\n\t\t\t\t<div class=\"elementor-widget-container\">\n\t\t\t\t\t<h2 class=\"elementor-heading-title elementor-size-default\">Catalogue g\u00e9n\u00e9ral<\/h2>\t\t\t\t<\/div>\n\t\t\t\t<\/div>\n\t\t\t\t\t<\/div>\n\t\t<\/div>\n\t\t\t\t<div class=\"elementor-column elementor-col-50 elementor-top-column elementor-element elementor-element-8601015\" data-id=\"8601015\" data-element_type=\"column\">\n\t\t\t<div class=\"elementor-widget-wrap elementor-element-populated\">\n\t\t\t\t\t\t<div class=\"elementor-element elementor-element-dd90149 elementor-widget elementor-widget-image\" data-id=\"dd90149\" data-element_type=\"widget\" data-widget_type=\"image.default\">\n\t\t\t\t<div class=\"elementor-widget-container\">\n\t\t\t\t\t\t\t\t\t\t\t\t\t\t\t\t<a href=\"https:\/\/www.calameo.com\/read\/001068286fd77bab7130b\" target=\"_blank\">\n\t\t\t\t\t\t\t<img decoding=\"async\" width=\"839\" height=\"1160\" src=\"https:\/\/christelleesthetique-lachapelle.fr\/wp-content\/uploads\/2023\/10\/Catalogue-lr-oct23.png\" class=\"attachment-full size-full wp-image-1920\" alt=\"\" srcset=\"https:\/\/christelleesthetique-lachapelle.fr\/wp-content\/uploads\/2023\/10\/Catalogue-lr-oct23.png 839w, https:\/\/christelleesthetique-lachapelle.fr\/wp-content\/uploads\/2023\/10\/Catalogue-lr-oct23-217x300.png 217w, https:\/\/christelleesthetique-lachapelle.fr\/wp-content\/uploads\/2023\/10\/Catalogue-lr-oct23-741x1024.png 741w, https:\/\/christelleesthetique-lachapelle.fr\/wp-content\/uploads\/2023\/10\/Catalogue-lr-oct23-768x1062.png 768w, https:\/\/christelleesthetique-lachapelle.fr\/wp-content\/uploads\/2023\/10\/Catalogue-lr-oct23-108x150.png 108w\" sizes=\"(max-width: 839px) 100vw, 839px\" \/>\t\t\t\t\t\t\t\t<\/a>\n\t\t\t\t\t\t\t\t\t\t\t\t\t\t\t<\/div>\n\t\t\t\t<\/div>\n\t\t\t\t<div class=\"elementor-element elementor-element-0754e71 elementor-widget-divider--view-line elementor-widget elementor-widget-divider\" data-id=\"0754e71\" data-element_type=\"widget\" data-widget_type=\"divider.default\">\n\t\t\t\t<div class=\"elementor-widget-container\">\n\t\t\t\t\t\t\t<div class=\"elementor-divider\">\n\t\t\t<span class=\"elementor-divider-separator\">\n\t\t\t\t\t\t<\/span>\n\t\t<\/div>\n\t\t\t\t\t\t<\/div>\n\t\t\t\t<\/div>\n\t\t\t\t<div class=\"elementor-element elementor-element-03dba82 elementor-widget elementor-widget-heading\" data-id=\"03dba82\" data-element_type=\"widget\" data-widget_type=\"heading.default\">\n\t\t\t\t<div class=\"elementor-widget-container\">\n\t\t\t\t\t<h2 class=\"elementor-heading-title elementor-size-default\">Le catalogue du mois<\/h2>\t\t\t\t<\/div>\n\t\t\t\t<\/div>\n\t\t\t\t\t<\/div>\n\t\t<\/div>\n\t\t\t\t\t<\/div>\n\t\t<\/section>\n\t\t\t\t<section class=\"elementor-section elementor-top-section elementor-element elementor-element-c6477b1 elementor-section-stretched elementor-section-full_width elementor-section-height-default elementor-section-height-default\" data-id=\"c6477b1\" data-element_type=\"section\" data-settings=\"{&quot;stretch_section&quot;:&quot;section-stretched&quot;,&quot;background_background&quot;:&quot;video&quot;,&quot;background_video_link&quot;:&quot;https:\\\/\\\/www.youtube.com\\\/watch?time_continue=98&amp;v=fzwEJGjxj1A&quot;,&quot;shape_divider_top&quot;:&quot;triangle-asymmetrical&quot;,&quot;shape_divider_bottom&quot;:&quot;triangle&quot;}\">\n\t\t\t\t\t\t\t\t<div class=\"elementor-background-video-container elementor-hidden-mobile\">\n\t\t\t\t\t\t\t\t\t\t\t\t\t<div class=\"elementor-background-video-embed\" role=\"presentation\"><\/div>\n\t\t\t\t\t\t\t\t\t\t\t\t<\/div>\n\t\t\t\t\t\t\t<div class=\"elementor-shape elementor-shape-top\" aria-hidden=\"true\" data-negative=\"false\">\n\t\t\t<svg xmlns=\"http:\/\/www.w3.org\/2000\/svg\" viewBox=\"0 0 1000 100\" preserveAspectRatio=\"none\">\n\t<path class=\"elementor-shape-fill\" d=\"M738,99l262-93V0H0v5.6L738,99z\"\/>\n<\/svg>\t\t<\/div>\n\t\t\t\t<div class=\"elementor-shape elementor-shape-bottom\" aria-hidden=\"true\" data-negative=\"false\">\n\t\t\t<svg xmlns=\"http:\/\/www.w3.org\/2000\/svg\" viewBox=\"0 0 1000 100\" preserveAspectRatio=\"none\">\n\t<path class=\"elementor-shape-fill\" d=\"M500,98.9L0,6.1V0h1000v6.1L500,98.9z\"\/>\n<\/svg>\t\t<\/div>\n\t\t\t\t\t<div class=\"elementor-container elementor-column-gap-extended\">\n\t\t\t\t\t<div class=\"elementor-column elementor-col-100 elementor-top-column elementor-element elementor-element-165894e\" data-id=\"165894e\" data-element_type=\"column\">\n\t\t\t<div class=\"elementor-widget-wrap elementor-element-populated\">\n\t\t\t\t\t\t<div class=\"elementor-element elementor-element-3887a4e elementor-widget elementor-widget-heading\" data-id=\"3887a4e\" data-element_type=\"widget\" data-widget_type=\"heading.default\">\n\t\t\t\t<div class=\"elementor-widget-container\">\n\t\t\t\t\t<h2 class=\"elementor-heading-title elementor-size-default\">Christelle esth\u00e9tique - Solutions beaut\u00e9 &amp; bien-\u00eatre<\/h2>\t\t\t\t<\/div>\n\t\t\t\t<\/div>\n\t\t\t\t\t<\/div>\n\t\t<\/div>\n\t\t\t\t\t<\/div>\n\t\t<\/section>\n\t\t\t\t<section class=\"elementor-section elementor-top-section elementor-element elementor-element-a75b411 elementor-section-boxed elementor-section-height-default elementor-section-height-default\" data-id=\"a75b411\" data-element_type=\"section\">\n\t\t\t\t\t\t<div class=\"elementor-container elementor-column-gap-default\">\n\t\t\t\t\t<div class=\"elementor-column elementor-col-100 elementor-top-column elementor-element elementor-element-e590c39\" data-id=\"e590c39\" data-element_type=\"column\">\n\t\t\t<div class=\"elementor-widget-wrap elementor-element-populated\">\n\t\t\t\t\t\t<div class=\"elementor-element elementor-element-0d28db3 elementor-widget elementor-widget-spacer\" data-id=\"0d28db3\" data-element_type=\"widget\" data-widget_type=\"spacer.default\">\n\t\t\t\t<div class=\"elementor-widget-container\">\n\t\t\t\t\t\t\t<div class=\"elementor-spacer\">\n\t\t\t<div class=\"elementor-spacer-inner\"><\/div>\n\t\t<\/div>\n\t\t\t\t\t\t<\/div>\n\t\t\t\t<\/div>\n\t\t\t\t\t<\/div>\n\t\t<\/div>\n\t\t\t\t\t<\/div>\n\t\t<\/section>\n\t\t\t\t<section class=\"elementor-section elementor-top-section elementor-element elementor-element-2e5b080 elementor-section-boxed elementor-section-height-default elementor-section-height-default\" data-id=\"2e5b080\" data-element_type=\"section\">\n\t\t\t\t\t\t<div class=\"elementor-container elementor-column-gap-default\">\n\t\t\t\t\t<div class=\"elementor-column elementor-col-33 elementor-top-column elementor-element elementor-element-8dde615\" data-id=\"8dde615\" data-element_type=\"column\">\n\t\t\t<div class=\"elementor-widget-wrap elementor-element-populated\">\n\t\t\t\t\t\t<div class=\"elementor-element elementor-element-e60abd2 elementor-widget elementor-widget-heading\" data-id=\"e60abd2\" data-element_type=\"widget\" data-widget_type=\"heading.default\">\n\t\t\t\t<div class=\"elementor-widget-container\">\n\t\t\t\t\t<h2 class=\"elementor-heading-title elementor-size-default\">Sant\u00e9 &amp; nutrition<\/h2>\t\t\t\t<\/div>\n\t\t\t\t<\/div>\n\t\t\t\t<div class=\"elementor-element elementor-element-7f851f6 elementor-widget-divider--view-line elementor-widget elementor-widget-divider\" data-id=\"7f851f6\" data-element_type=\"widget\" data-widget_type=\"divider.default\">\n\t\t\t\t<div class=\"elementor-widget-container\">\n\t\t\t\t\t\t\t<div class=\"elementor-divider\">\n\t\t\t<span class=\"elementor-divider-separator\">\n\t\t\t\t\t\t<\/span>\n\t\t<\/div>\n\t\t\t\t\t\t<\/div>\n\t\t\t\t<\/div>\n\t\t\t\t<div class=\"elementor-element elementor-element-bbf6d09 elementor-widget elementor-widget-text-editor\" data-id=\"bbf6d09\" data-element_type=\"widget\" data-widget_type=\"text-editor.default\">\n\t\t\t\t<div class=\"elementor-widget-container\">\n\t\t\t\t\t\t\t\t\t<p><span style=\"font-size: 11pt;\">La gamme des compl\u00e9ments alimentaires de LR est parfaitement adapt<\/span><span style=\"font-size: 11pt;\">\u00e9e aux besoins des consommateurs. <br \/>Le d\u00e9veloppement de ce type de produits repose surtout sur l&rsquo;utilisation d&rsquo;ingr\u00e9dients pr\u00e9cieux et sur un processus de transformation d\u00e9licat et soign\u00e9.<\/span><\/p><p><span style=\"font-size: 11pt;\">\u00a0<\/span><\/p>\t\t\t\t\t\t\t\t<\/div>\n\t\t\t\t<\/div>\n\t\t\t\t\t<\/div>\n\t\t<\/div>\n\t\t\t\t<div class=\"elementor-column elementor-col-33 elementor-top-column elementor-element elementor-element-5f40e91\" data-id=\"5f40e91\" data-element_type=\"column\">\n\t\t\t<div class=\"elementor-widget-wrap elementor-element-populated\">\n\t\t\t\t\t\t<div class=\"elementor-element elementor-element-8260f78 elementor-widget elementor-widget-heading\" data-id=\"8260f78\" data-element_type=\"widget\" data-widget_type=\"heading.default\">\n\t\t\t\t<div class=\"elementor-widget-container\">\n\t\t\t\t\t<h2 class=\"elementor-heading-title elementor-size-default\">Cosm\u00e9tiques<\/h2>\t\t\t\t<\/div>\n\t\t\t\t<\/div>\n\t\t\t\t<div class=\"elementor-element elementor-element-7530695 elementor-widget-divider--view-line elementor-widget elementor-widget-divider\" data-id=\"7530695\" data-element_type=\"widget\" data-widget_type=\"divider.default\">\n\t\t\t\t<div class=\"elementor-widget-container\">\n\t\t\t\t\t\t\t<div class=\"elementor-divider\">\n\t\t\t<span class=\"elementor-divider-separator\">\n\t\t\t\t\t\t<\/span>\n\t\t<\/div>\n\t\t\t\t\t\t<\/div>\n\t\t\t\t<\/div>\n\t\t\t\t<div class=\"elementor-element elementor-element-3d65b79 elementor-widget elementor-widget-text-editor\" data-id=\"3d65b79\" data-element_type=\"widget\" data-widget_type=\"text-editor.default\">\n\t\t\t\t<div class=\"elementor-widget-container\">\n\t\t\t\t\t\t\t\t\t<p><span style=\"font-size: 11pt;\">Gr\u00e2ce aux technologies et ingr\u00e9dients de pointe, LR a pu d\u00e9finir les tendances pour votre peau et les soins corporels, pendant de nombreuses ann\u00e9es. D\u00e9couvrez nos top sellers : soins de la peau fonctionnels avec Microsilver, des solutions anti-vieillissement prouv\u00e9es, des produits Aloe Vera certifi\u00e9s et des maquillages de premi\u00e8re qualit\u00e9.<\/span><\/p>\t\t\t\t\t\t\t\t<\/div>\n\t\t\t\t<\/div>\n\t\t\t\t\t<\/div>\n\t\t<\/div>\n\t\t\t\t<div class=\"elementor-column elementor-col-33 elementor-top-column elementor-element elementor-element-fd271a1\" data-id=\"fd271a1\" data-element_type=\"column\">\n\t\t\t<div class=\"elementor-widget-wrap elementor-element-populated\">\n\t\t\t\t\t\t<div class=\"elementor-element elementor-element-dd148a8 elementor-widget elementor-widget-heading\" data-id=\"dd148a8\" data-element_type=\"widget\" data-widget_type=\"heading.default\">\n\t\t\t\t<div class=\"elementor-widget-container\">\n\t\t\t\t\t<h2 class=\"elementor-heading-title elementor-size-default\">Parfums<\/h2>\t\t\t\t<\/div>\n\t\t\t\t<\/div>\n\t\t\t\t<div class=\"elementor-element elementor-element-ad3ab2d elementor-widget-divider--view-line elementor-widget elementor-widget-divider\" data-id=\"ad3ab2d\" data-element_type=\"widget\" data-widget_type=\"divider.default\">\n\t\t\t\t<div class=\"elementor-widget-container\">\n\t\t\t\t\t\t\t<div class=\"elementor-divider\">\n\t\t\t<span class=\"elementor-divider-separator\">\n\t\t\t\t\t\t<\/span>\n\t\t<\/div>\n\t\t\t\t\t\t<\/div>\n\t\t\t\t<\/div>\n\t\t\t\t<div class=\"elementor-element elementor-element-9c20618 elementor-widget elementor-widget-text-editor\" data-id=\"9c20618\" data-element_type=\"widget\" data-widget_type=\"text-editor.default\">\n\t\t\t\t<div class=\"elementor-widget-container\">\n\t\t\t\t\t\t\t\t\t<p><span style=\"font-size: 11pt;\">LR s\u2019est impos\u00e9 comme l\u2019un des fabricants de premier plan dans la conception de parfum dans le monde en gagnant la confiance de nombreuses stars. Chacune de ces stars a particip\u00e9 personnellement \u00e0 la cr\u00e9ation de son propre parfum. Que ce soit\u00a0<strong>Bruce Willis<\/strong>, sa femme\u00a0<strong>Emma Heming Willis<\/strong>\u00a0ou\u00a0<strong>Karolina Kurkova<\/strong>\u00a0&#8211; Ils font tous partie de la famille Starbox. Ils sont \u00e0 pr\u00e9sent rejoints par la sympathique pr\u00e9sentatrice de t\u00e9l\u00e9vision portugaise\u00a0<strong>Cristina Ferreira<\/strong>\u00a0ainsi que\u00a0<strong>Guido Maria Kretschmer<\/strong>, le couturier allemand.<\/span><\/p>\t\t\t\t\t\t\t\t<\/div>\n\t\t\t\t<\/div>\n\t\t\t\t\t<\/div>\n\t\t<\/div>\n\t\t\t\t\t<\/div>\n\t\t<\/section>\n\t\t\t\t<section class=\"elementor-section elementor-top-section elementor-element elementor-element-d486d90 elementor-section-boxed elementor-section-height-default elementor-section-height-default\" data-id=\"d486d90\" data-element_type=\"section\">\n\t\t\t\t\t\t<div class=\"elementor-container elementor-column-gap-default\">\n\t\t\t\t\t<div class=\"elementor-column elementor-col-100 elementor-top-column elementor-element elementor-element-03c567e\" data-id=\"03c567e\" data-element_type=\"column\">\n\t\t\t<div class=\"elementor-widget-wrap elementor-element-populated\">\n\t\t\t\t\t\t<div class=\"elementor-element elementor-element-c603691 elementor-widget elementor-widget-image\" data-id=\"c603691\" data-element_type=\"widget\" data-widget_type=\"image.default\">\n\t\t\t\t<div class=\"elementor-widget-container\">\n\t\t\t\t\t\t\t\t\t\t\t\t\t\t\t<img decoding=\"async\" width=\"710\" height=\"311\" src=\"https:\/\/christelleesthetique-lachapelle.fr\/wp-content\/uploads\/2018\/03\/produits-lr.jpg\" class=\"attachment-large size-large wp-image-808\" alt=\"\" srcset=\"https:\/\/christelleesthetique-lachapelle.fr\/wp-content\/uploads\/2018\/03\/produits-lr.jpg 710w, https:\/\/christelleesthetique-lachapelle.fr\/wp-content\/uploads\/2018\/03\/produits-lr-300x131.jpg 300w, https:\/\/christelleesthetique-lachapelle.fr\/wp-content\/uploads\/2018\/03\/produits-lr-150x66.jpg 150w, https:\/\/christelleesthetique-lachapelle.fr\/wp-content\/uploads\/2018\/03\/produits-lr-350x153.jpg 350w\" sizes=\"(max-width: 710px) 100vw, 710px\" \/>\t\t\t\t\t\t\t\t\t\t\t\t\t\t\t<\/div>\n\t\t\t\t<\/div>\n\t\t\t\t\t<\/div>\n\t\t<\/div>\n\t\t\t\t\t<\/div>\n\t\t<\/section>\n\t\t\t\t<\/div>\n\t\t","protected":false},"excerpt":{"rendered":"<p>Nouveau !! BOUTIQUE EN LIGNE DES PRODUITS LR Un lien afin de passer des commandes et de les recevoir directement chez vous ! ATTENTION V\u00e9rifiez que vous \u00eates bien sur ma boutique en ligne signal\u00e9e Christelle Delandines !! N&rsquo;h\u00e9sitez pas pour me demander des conseils au 06 71 42 04\u2026<\/p>\n<p> <a class=\"continue-reading-link\" href=\"https:\/\/christelleesthetique-lachapelle.fr\/index.php\/les-produits-lr-2\/\"><span>Continue reading<\/span><i class=\"crycon-right-dir\"><\/i><\/a> <\/p>\n","protected":false},"author":1,"featured_media":0,"parent":0,"menu_order":0,"comment_status":"closed","ping_status":"closed","template":"","meta":{"footnotes":""},"class_list":["post-681","page","type-page","status-publish","hentry"],"_links":{"self":[{"href":"https:\/\/christelleesthetique-lachapelle.fr\/index.php\/wp-json\/wp\/v2\/pages\/681","targetHints":{"allow":["GET"]}}],"collection":[{"href":"https:\/\/christelleesthetique-lachapelle.fr\/index.php\/wp-json\/wp\/v2\/pages"}],"about":[{"href":"https:\/\/christelleesthetique-lachapelle.fr\/index.php\/wp-json\/wp\/v2\/types\/page"}],"author":[{"embeddable":true,"href":"https:\/\/christelleesthetique-lachapelle.fr\/index.php\/wp-json\/wp\/v2\/users\/1"}],"replies":[{"embeddable":true,"href":"https:\/\/christelleesthetique-lachapelle.fr\/index.php\/wp-json\/wp\/v2\/comments?post=681"}],"version-history":[{"count":130,"href":"https:\/\/christelleesthetique-lachapelle.fr\/index.php\/wp-json\/wp\/v2\/pages\/681\/revisions"}],"predecessor-version":[{"id":1923,"href":"https:\/\/christelleesthetique-lachapelle.fr\/index.php\/wp-json\/wp\/v2\/pages\/681\/revisions\/1923"}],"wp:attachment":[{"href":"https:\/\/christelleesthetique-lachapelle.fr\/index.php\/wp-json\/wp\/v2\/media?parent=681"}],"curies":[{"name":"wp","href":"https:\/\/api.w.org\/{rel}","templated":true}]}}